{"id":7068,"date":"2023-08-18T07:08:19","date_gmt":"2023-08-18T10:08:19","guid":{"rendered":"https:\/\/centrojoaoemaria.com.br\/baby\/?page_id=7068"},"modified":"2023-08-18T07:08:21","modified_gmt":"2023-08-18T10:08:21","slug":"dia-dos-pais-2023","status":"publish","type":"page","link":"https:\/\/centrojoaoemaria.com.br\/baby\/galeria\/dia-dos-pais-2023\/","title":{"rendered":"Dia dos Pais &#8211; 2023"},"content":{"rendered":"\n<figure class=\"wp-block-gallery has-nested-images columns-4 is-cropped wp-block-gallery-1 is-layout-flex wp-block-gallery-is-layout-flex\">\n<figure class=\"wp-block-image size-large\"><a href=\"https:\/\/centrojoaoemaria.com.br\/baby\/wp-content\/uploads\/sites\/3\/2023\/08\/IMG_7989.jpg\"><img fetchpriority=\"high\" decoding=\"async\" width=\"1024\" height=\"1024\" data-id=\"7073\" src=\"https:\/\/centrojoaoemaria.com.br\/baby\/wp-content\/uploads\/sites\/3\/2023\/08\/IMG_7989-1024x1024.jpg\" alt=\"\" class=\"wp-image-7073\" srcset=\"https:\/\/centrojoaoemaria.com.br\/baby\/wp-content\/uploads\/sites\/3\/2023\/08\/IMG_7989-1024x1024.jpg 1024w, https:\/\/centrojoaoemaria.com.br\/baby\/wp-content\/uploads\/sites\/3\/2023\/08\/IMG_7989-300x300.jpg 300w, https:\/\/centrojoaoemaria.com.br\/baby\/wp-content\/uploads\/sites\/3\/2023\/08\/IMG_7989-150x150.jpg 150w, https:\/\/centrojoaoemaria.com.br\/baby\/wp-content\/uploads\/sites\/3\/2023\/08\/IMG_7989-1536x1536.jpg 1536w, https:\/\/centrojoaoemaria.com.br\/baby\/wp-content\/uploads\/sites\/3\/2023\/08\/IMG_7989-2048x2048.jpg 2048w\" sizes=\"(max-width: 1024px) 100vw, 1024px\" \/><\/a><\/figure>\n\n\n\n<figure class=\"wp-block-image size-large\"><a href=\"https:\/\/centrojoaoemaria.com.br\/baby\/wp-content\/uploads\/sites\/3\/2023\/08\/IMG_7992.jpg\"><img decoding=\"async\" width=\"1024\" height=\"1024\" data-id=\"7071\" src=\"https:\/\/centrojoaoemaria.com.br\/baby\/wp-content\/uploads\/sites\/3\/2023\/08\/IMG_7992-1024x1024.jpg\" alt=\"\" class=\"wp-image-7071\" srcset=\"https:\/\/centrojoaoemaria.com.br\/baby\/wp-content\/uploads\/sites\/3\/2023\/08\/IMG_7992-1024x1024.jpg 1024w, https:\/\/centrojoaoemaria.com.br\/baby\/wp-content\/uploads\/sites\/3\/2023\/08\/IMG_7992-300x300.jpg 300w, https:\/\/centrojoaoemaria.com.br\/baby\/wp-content\/uploads\/sites\/3\/2023\/08\/IMG_7992-150x150.jpg 150w, https:\/\/centrojoaoemaria.com.br\/baby\/wp-content\/uploads\/sites\/3\/2023\/08\/IMG_7992-1536x1536.jpg 1536w, https:\/\/centrojoaoemaria.com.br\/baby\/wp-content\/uploads\/sites\/3\/2023\/08\/IMG_7992-2048x2048.jpg 2048w\" sizes=\"(max-width: 1024px) 100vw, 1024px\" \/><\/a><\/figure>\n\n\n\n<figure class=\"wp-block-image size-large\"><a href=\"https:\/\/centrojoaoemaria.com.br\/baby\/wp-content\/uploads\/sites\/3\/2023\/08\/IMG_7995.jpg\"><img decoding=\"async\" width=\"1024\" height=\"1024\" data-id=\"7070\" src=\"https:\/\/centrojoaoemaria.com.br\/baby\/wp-content\/uploads\/sites\/3\/2023\/08\/IMG_7995-1024x1024.jpg\" alt=\"\" class=\"wp-image-7070\" srcset=\"https:\/\/centrojoaoemaria.com.br\/baby\/wp-content\/uploads\/sites\/3\/2023\/08\/IMG_7995-1024x1024.jpg 1024w, https:\/\/centrojoaoemaria.com.br\/baby\/wp-content\/uploads\/sites\/3\/2023\/08\/IMG_7995-300x300.jpg 300w, https:\/\/centrojoaoemaria.com.br\/baby\/wp-content\/uploads\/sites\/3\/2023\/08\/IMG_7995-150x150.jpg 150w, https:\/\/centrojoaoemaria.com.br\/baby\/wp-content\/uploads\/sites\/3\/2023\/08\/IMG_7995-1536x1536.jpg 1536w, https:\/\/centrojoaoemaria.com.br\/baby\/wp-content\/uploads\/sites\/3\/2023\/08\/IMG_7995-2048x2048.jpg 2048w\" sizes=\"(max-width: 1024px) 100vw, 1024px\" \/><\/a><\/figure>\n\n\n\n<figure class=\"wp-block-image size-large\"><a href=\"https:\/\/centrojoaoemaria.com.br\/baby\/wp-content\/uploads\/sites\/3\/2023\/08\/IMG_8005-1.jpg\"><img loading=\"lazy\" decoding=\"async\" width=\"1024\" height=\"1024\" data-id=\"7072\" src=\"https:\/\/centrojoaoemaria.com.br\/baby\/wp-content\/uploads\/sites\/3\/2023\/08\/IMG_8005-1-1024x1024.jpg\" alt=\"\" class=\"wp-image-7072\" srcset=\"https:\/\/centrojoaoemaria.com.br\/baby\/wp-content\/uploads\/sites\/3\/2023\/08\/IMG_8005-1-1024x1024.jpg 1024w, https:\/\/centrojoaoemaria.com.br\/baby\/wp-content\/uploads\/sites\/3\/2023\/08\/IMG_8005-1-300x300.jpg 300w, https:\/\/centrojoaoemaria.com.br\/baby\/wp-content\/uploads\/sites\/3\/2023\/08\/IMG_8005-1-150x150.jpg 150w, https:\/\/centrojoaoemaria.com.br\/baby\/wp-content\/uploads\/sites\/3\/2023\/08\/IMG_8005-1-1536x1536.jpg 1536w, https:\/\/centrojoaoemaria.com.br\/baby\/wp-content\/uploads\/sites\/3\/2023\/08\/IMG_8005-1-2048x2048.jpg 2048w\" sizes=\"(max-width: 1024px) 100vw, 1024px\" \/><\/a><\/figure>\n\n\n\n<figure class=\"wp-block-image size-large\"><a href=\"https:\/\/centrojoaoemaria.com.br\/baby\/wp-content\/uploads\/sites\/3\/2023\/08\/IMG_8022.jpg\"><img loading=\"lazy\" decoding=\"async\" width=\"1024\" height=\"1024\" data-id=\"7076\" src=\"https:\/\/centrojoaoemaria.com.br\/baby\/wp-content\/uploads\/sites\/3\/2023\/08\/IMG_8022-1024x1024.jpg\" alt=\"\" class=\"wp-image-7076\" srcset=\"https:\/\/centrojoaoemaria.com.br\/baby\/wp-content\/uploads\/sites\/3\/2023\/08\/IMG_8022-1024x1024.jpg 1024w, https:\/\/centrojoaoemaria.com.br\/baby\/wp-content\/uploads\/sites\/3\/2023\/08\/IMG_8022-300x300.jpg 300w, https:\/\/centrojoaoemaria.com.br\/baby\/wp-content\/uploads\/sites\/3\/2023\/08\/IMG_8022-150x150.jpg 150w, https:\/\/centrojoaoemaria.com.br\/baby\/wp-content\/uploads\/sites\/3\/2023\/08\/IMG_8022-1536x1536.jpg 1536w, https:\/\/centrojoaoemaria.com.br\/baby\/wp-content\/uploads\/sites\/3\/2023\/08\/IMG_8022-2048x2048.jpg 2048w\" sizes=\"(max-width: 1024px) 100vw, 1024px\" \/><\/a><\/figure>\n\n\n\n<figure class=\"wp-block-image size-large\"><a href=\"https:\/\/centrojoaoemaria.com.br\/baby\/wp-content\/uploads\/sites\/3\/2023\/08\/IMG_8023.jpg\"><img loading=\"lazy\" decoding=\"async\" width=\"1024\" height=\"1024\" data-id=\"7082\" src=\"https:\/\/centrojoaoemaria.com.br\/baby\/wp-content\/uploads\/sites\/3\/2023\/08\/IMG_8023-1024x1024.jpg\" alt=\"\" class=\"wp-image-7082\" srcset=\"https:\/\/centrojoaoemaria.com.br\/baby\/wp-content\/uploads\/sites\/3\/2023\/08\/IMG_8023-1024x1024.jpg 1024w, https:\/\/centrojoaoemaria.com.br\/baby\/wp-content\/uploads\/sites\/3\/2023\/08\/IMG_8023-300x300.jpg 300w, https:\/\/centrojoaoemaria.com.br\/baby\/wp-content\/uploads\/sites\/3\/2023\/08\/IMG_8023-150x150.jpg 150w, https:\/\/centrojoaoemaria.com.br\/baby\/wp-content\/uploads\/sites\/3\/2023\/08\/IMG_8023-1536x1536.jpg 1536w, https:\/\/centrojoaoemaria.com.br\/baby\/wp-content\/uploads\/sites\/3\/2023\/08\/IMG_8023-2048x2048.jpg 2048w\" sizes=\"(max-width: 1024px) 100vw, 1024px\" \/><\/a><\/figure>\n\n\n\n<figure class=\"wp-block-image size-large\"><a href=\"https:\/\/centrojoaoemaria.com.br\/baby\/wp-content\/uploads\/sites\/3\/2023\/08\/IMG_8024.jpg\"><img loading=\"lazy\" decoding=\"async\" width=\"1024\" height=\"1024\" data-id=\"7075\" src=\"https:\/\/centrojoaoemaria.com.br\/baby\/wp-content\/uploads\/sites\/3\/2023\/08\/IMG_8024-1024x1024.jpg\" alt=\"\" class=\"wp-image-7075\" srcset=\"https:\/\/centrojoaoemaria.com.br\/baby\/wp-content\/uploads\/sites\/3\/2023\/08\/IMG_8024-1024x1024.jpg 1024w, https:\/\/centrojoaoemaria.com.br\/baby\/wp-content\/uploads\/sites\/3\/2023\/08\/IMG_8024-300x300.jpg 300w, https:\/\/centrojoaoemaria.com.br\/baby\/wp-content\/uploads\/sites\/3\/2023\/08\/IMG_8024-150x150.jpg 150w, https:\/\/centrojoaoemaria.com.br\/baby\/wp-content\/uploads\/sites\/3\/2023\/08\/IMG_8024-1536x1536.jpg 1536w, https:\/\/centrojoaoemaria.com.br\/baby\/wp-content\/uploads\/sites\/3\/2023\/08\/IMG_8024-2048x2048.jpg 2048w\" sizes=\"(max-width: 1024px) 100vw, 1024px\" \/><\/a><\/figure>\n\n\n\n<figure class=\"wp-block-image size-large\"><a href=\"https:\/\/centrojoaoemaria.com.br\/baby\/wp-content\/uploads\/sites\/3\/2023\/08\/IMG_8026.jpg\"><img loading=\"lazy\" decoding=\"async\" width=\"1024\" height=\"1024\" data-id=\"7074\" src=\"https:\/\/centrojoaoemaria.com.br\/baby\/wp-content\/uploads\/sites\/3\/2023\/08\/IMG_8026-1024x1024.jpg\" alt=\"\" class=\"wp-image-7074\" srcset=\"https:\/\/centrojoaoemaria.com.br\/baby\/wp-content\/uploads\/sites\/3\/2023\/08\/IMG_8026-1024x1024.jpg 1024w, https:\/\/centrojoaoemaria.com.br\/baby\/wp-content\/uploads\/sites\/3\/2023\/08\/IMG_8026-300x300.jpg 300w, https:\/\/centrojoaoemaria.com.br\/baby\/wp-content\/uploads\/sites\/3\/2023\/08\/IMG_8026-150x150.jpg 150w, https:\/\/centrojoaoemaria.com.br\/baby\/wp-content\/uploads\/sites\/3\/2023\/08\/IMG_8026-1536x1536.jpg 1536w, https:\/\/centrojoaoemaria.com.br\/baby\/wp-content\/uploads\/sites\/3\/2023\/08\/IMG_8026-2048x2048.jpg 2048w\" sizes=\"(max-width: 1024px) 100vw, 1024px\" \/><\/a><\/figure>\n\n\n\n<figure class=\"wp-block-image size-large\"><a href=\"https:\/\/centrojoaoemaria.com.br\/baby\/wp-content\/uploads\/sites\/3\/2023\/08\/IMG_8027.jpg\"><img loading=\"lazy\" decoding=\"async\" width=\"1024\" height=\"1024\" data-id=\"7078\" src=\"https:\/\/centrojoaoemaria.com.br\/baby\/wp-content\/uploads\/sites\/3\/2023\/08\/IMG_8027-1024x1024.jpg\" alt=\"\" class=\"wp-image-7078\" srcset=\"https:\/\/centrojoaoemaria.com.br\/baby\/wp-content\/uploads\/sites\/3\/2023\/08\/IMG_8027-1024x1024.jpg 1024w, https:\/\/centrojoaoemaria.com.br\/baby\/wp-content\/uploads\/sites\/3\/2023\/08\/IMG_8027-300x300.jpg 300w, https:\/\/centrojoaoemaria.com.br\/baby\/wp-content\/uploads\/sites\/3\/2023\/08\/IMG_8027-150x150.jpg 150w, https:\/\/centrojoaoemaria.com.br\/baby\/wp-content\/uploads\/sites\/3\/2023\/08\/IMG_8027-1536x1536.jpg 1536w, https:\/\/centrojoaoemaria.com.br\/baby\/wp-content\/uploads\/sites\/3\/2023\/08\/IMG_8027-2048x2048.jpg 2048w\" sizes=\"(max-width: 1024px) 100vw, 1024px\" \/><\/a><\/figure>\n\n\n\n<figure class=\"wp-block-image size-large\"><a href=\"https:\/\/centrojoaoemaria.com.br\/baby\/wp-content\/uploads\/sites\/3\/2023\/08\/IMG_8044.jpg\"><img loading=\"lazy\" decoding=\"async\" width=\"1024\" height=\"1024\" data-id=\"7077\" src=\"https:\/\/centrojoaoemaria.com.br\/baby\/wp-content\/uploads\/sites\/3\/2023\/08\/IMG_8044-1024x1024.jpg\" alt=\"\" class=\"wp-image-7077\" srcset=\"https:\/\/centrojoaoemaria.com.br\/baby\/wp-content\/uploads\/sites\/3\/2023\/08\/IMG_8044-1024x1024.jpg 1024w, https:\/\/centrojoaoemaria.com.br\/baby\/wp-content\/uploads\/sites\/3\/2023\/08\/IMG_8044-300x300.jpg 300w, https:\/\/centrojoaoemaria.com.br\/baby\/wp-content\/uploads\/sites\/3\/2023\/08\/IMG_8044-150x150.jpg 150w, https:\/\/centrojoaoemaria.com.br\/baby\/wp-content\/uploads\/sites\/3\/2023\/08\/IMG_8044-1536x1536.jpg 1536w, https:\/\/centrojoaoemaria.com.br\/baby\/wp-content\/uploads\/sites\/3\/2023\/08\/IMG_8044-2048x2048.jpg 2048w\" sizes=\"(max-width: 1024px) 100vw, 1024px\" \/><\/a><\/figure>\n\n\n\n<figure class=\"wp-block-image size-large\"><a href=\"https:\/\/centrojoaoemaria.com.br\/baby\/wp-content\/uploads\/sites\/3\/2023\/08\/IMG_8049.jpg\"><img loading=\"lazy\" decoding=\"async\" width=\"1024\" height=\"1024\" data-id=\"7081\" src=\"https:\/\/centrojoaoemaria.com.br\/baby\/wp-content\/uploads\/sites\/3\/2023\/08\/IMG_8049-1024x1024.jpg\" alt=\"\" class=\"wp-image-7081\" srcset=\"https:\/\/centrojoaoemaria.com.br\/baby\/wp-content\/uploads\/sites\/3\/2023\/08\/IMG_8049-1024x1024.jpg 1024w, https:\/\/centrojoaoemaria.com.br\/baby\/wp-content\/uploads\/sites\/3\/2023\/08\/IMG_8049-300x300.jpg 300w, https:\/\/centrojoaoemaria.com.br\/baby\/wp-content\/uploads\/sites\/3\/2023\/08\/IMG_8049-150x150.jpg 150w, https:\/\/centrojoaoemaria.com.br\/baby\/wp-content\/uploads\/sites\/3\/2023\/08\/IMG_8049-1536x1536.jpg 1536w, https:\/\/centrojoaoemaria.com.br\/baby\/wp-content\/uploads\/sites\/3\/2023\/08\/IMG_8049-2048x2048.jpg 2048w\" sizes=\"(max-width: 1024px) 100vw, 1024px\" \/><\/a><\/figure>\n\n\n\n<figure class=\"wp-block-image size-large\"><a href=\"https:\/\/centrojoaoemaria.com.br\/baby\/wp-content\/uploads\/sites\/3\/2023\/08\/IMG_8065.jpg\"><img loading=\"lazy\" decoding=\"async\" width=\"1024\" height=\"1024\" data-id=\"7079\" src=\"https:\/\/centrojoaoemaria.com.br\/baby\/wp-content\/uploads\/sites\/3\/2023\/08\/IMG_8065-1024x1024.jpg\" alt=\"\" class=\"wp-image-7079\" srcset=\"https:\/\/centrojoaoemaria.com.br\/baby\/wp-content\/uploads\/sites\/3\/2023\/08\/IMG_8065-1024x1024.jpg 1024w, https:\/\/centrojoaoemaria.com.br\/baby\/wp-content\/uploads\/sites\/3\/2023\/08\/IMG_8065-300x300.jpg 300w, https:\/\/centrojoaoemaria.com.br\/baby\/wp-content\/uploads\/sites\/3\/2023\/08\/IMG_8065-150x150.jpg 150w, https:\/\/centrojoaoemaria.com.br\/baby\/wp-content\/uploads\/sites\/3\/2023\/08\/IMG_8065-1536x1536.jpg 1536w, https:\/\/centrojoaoemaria.com.br\/baby\/wp-content\/uploads\/sites\/3\/2023\/08\/IMG_8065-2048x2048.jpg 2048w\" sizes=\"(max-width: 1024px) 100vw, 1024px\" \/><\/a><\/figure>\n\n\n\n<figure class=\"wp-block-image size-large\"><a href=\"https:\/\/centrojoaoemaria.com.br\/baby\/wp-content\/uploads\/sites\/3\/2023\/08\/IMG_8070.jpg\"><img loading=\"lazy\" decoding=\"async\" width=\"1024\" height=\"1024\" data-id=\"7080\" src=\"https:\/\/centrojoaoemaria.com.br\/baby\/wp-content\/uploads\/sites\/3\/2023\/08\/IMG_8070-1024x1024.jpg\" alt=\"\" class=\"wp-image-7080\" srcset=\"https:\/\/centrojoaoemaria.com.br\/baby\/wp-content\/uploads\/sites\/3\/2023\/08\/IMG_8070-1024x1024.jpg 1024w, https:\/\/centrojoaoemaria.com.br\/baby\/wp-content\/uploads\/sites\/3\/2023\/08\/IMG_8070-300x300.jpg 300w, https:\/\/centrojoaoemaria.com.br\/baby\/wp-content\/uploads\/sites\/3\/2023\/08\/IMG_8070-150x150.jpg 150w, https:\/\/centrojoaoemaria.com.br\/baby\/wp-content\/uploads\/sites\/3\/2023\/08\/IMG_8070-1536x1536.jpg 1536w, https:\/\/centrojoaoemaria.com.br\/baby\/wp-content\/uploads\/sites\/3\/2023\/08\/IMG_8070-2048x2048.jpg 2048w\" sizes=\"(max-width: 1024px) 100vw, 1024px\" \/><\/a><\/figure>\n<\/figure>\n","protected":false},"excerpt":{"rendered":"","protected":false},"author":1,"featured_media":7071,"parent":5491,"menu_order":0,"comment_status":"closed","ping_status":"closed","template":"","meta":{"footnotes":""},"class_list":["post-7068","page","type-page","status-publish","has-post-thumbnail","hentry"],"yoast_head":"<!-- This site is optimized with the Yoast SEO plugin v25.0 - https:\/\/yoast.com\/wordpress\/plugins\/seo\/ -->\n<title>Dia dos Pais - 2023 - Centro Jo\u00e3o e Maria Baby<\/title>\n<meta name=\"robots\" content=\"index, follow, max-snippet:-1, max-image-preview:large, max-video-preview:-1\" \/>\n<link rel=\"canonical\" href=\"https:\/\/centrojoaoemaria.com.br\/baby\/galeria\/dia-dos-pais-2023\/\" \/>\n<meta property=\"og:locale\" content=\"pt_BR\" \/>\n<meta property=\"og:type\" content=\"article\" \/>\n<meta property=\"og:title\" content=\"Dia dos Pais - 2023 - Centro Jo\u00e3o e Maria Baby\" \/>\n<meta property=\"og:url\" content=\"https:\/\/centrojoaoemaria.com.br\/baby\/galeria\/dia-dos-pais-2023\/\" \/>\n<meta property=\"og:site_name\" content=\"Centro Jo\u00e3o e Maria Baby\" \/>\n<meta property=\"article:modified_time\" content=\"2023-08-18T10:08:21+00:00\" \/>\n<meta property=\"og:image\" content=\"https:\/\/centrojoaoemaria.com.br\/baby\/wp-content\/uploads\/sites\/3\/2023\/08\/IMG_7992.jpg\" \/>\n\t<meta property=\"og:image:width\" content=\"1470\" \/>\n\t<meta property=\"og:image:height\" content=\"1803\" \/>\n\t<meta property=\"og:image:type\" content=\"image\/jpeg\" \/>\n<meta name=\"twitter:card\" content=\"summary_large_image\" \/>\n<meta name=\"twitter:label1\" content=\"Est. tempo de leitura\" \/>\n\t<meta name=\"twitter:data1\" content=\"3 minutos\" \/>\n<script type=\"application\/ld+json\" class=\"yoast-schema-graph\">{\"@context\":\"https:\/\/schema.org\",\"@graph\":[{\"@type\":\"WebPage\",\"@id\":\"https:\/\/centrojoaoemaria.com.br\/baby\/galeria\/dia-dos-pais-2023\/\",\"url\":\"https:\/\/centrojoaoemaria.com.br\/baby\/galeria\/dia-dos-pais-2023\/\",\"name\":\"Dia dos Pais - 2023 - Centro Jo\u00e3o e Maria Baby\",\"isPartOf\":{\"@id\":\"https:\/\/centrojoaoemaria.com.br\/baby\/#website\"},\"primaryImageOfPage\":{\"@id\":\"https:\/\/centrojoaoemaria.com.br\/baby\/galeria\/dia-dos-pais-2023\/#primaryimage\"},\"image\":{\"@id\":\"https:\/\/centrojoaoemaria.com.br\/baby\/galeria\/dia-dos-pais-2023\/#primaryimage\"},\"thumbnailUrl\":\"https:\/\/centrojoaoemaria.com.br\/baby\/wp-content\/uploads\/sites\/3\/2023\/08\/IMG_7992.jpg\",\"datePublished\":\"2023-08-18T10:08:19+00:00\",\"dateModified\":\"2023-08-18T10:08:21+00:00\",\"breadcrumb\":{\"@id\":\"https:\/\/centrojoaoemaria.com.br\/baby\/galeria\/dia-dos-pais-2023\/#breadcrumb\"},\"inLanguage\":\"pt-BR\",\"potentialAction\":[{\"@type\":\"ReadAction\",\"target\":[\"https:\/\/centrojoaoemaria.com.br\/baby\/galeria\/dia-dos-pais-2023\/\"]}]},{\"@type\":\"ImageObject\",\"inLanguage\":\"pt-BR\",\"@id\":\"https:\/\/centrojoaoemaria.com.br\/baby\/galeria\/dia-dos-pais-2023\/#primaryimage\",\"url\":\"https:\/\/centrojoaoemaria.com.br\/baby\/wp-content\/uploads\/sites\/3\/2023\/08\/IMG_7992.jpg\",\"contentUrl\":\"https:\/\/centrojoaoemaria.com.br\/baby\/wp-content\/uploads\/sites\/3\/2023\/08\/IMG_7992.jpg\",\"width\":1470,\"height\":1803},{\"@type\":\"BreadcrumbList\",\"@id\":\"https:\/\/centrojoaoemaria.com.br\/baby\/galeria\/dia-dos-pais-2023\/#breadcrumb\",\"itemListElement\":[{\"@type\":\"ListItem\",\"position\":1,\"name\":\"In\u00edcio\",\"item\":\"https:\/\/centrojoaoemaria.com.br\/baby\/\"},{\"@type\":\"ListItem\",\"position\":2,\"name\":\"Galeria\",\"item\":\"https:\/\/centrojoaoemaria.com.br\/baby\/galeria\/\"},{\"@type\":\"ListItem\",\"position\":3,\"name\":\"Dia dos Pais &#8211; 2023\"}]},{\"@type\":\"WebSite\",\"@id\":\"https:\/\/centrojoaoemaria.com.br\/baby\/#website\",\"url\":\"https:\/\/centrojoaoemaria.com.br\/baby\/\",\"name\":\"Centro Jo\u00e3o e Maria Baby\",\"description\":\"S\u00f3 mais um site Centro Jo\u00e3o e Maria sites\",\"potentialAction\":[{\"@type\":\"SearchAction\",\"target\":{\"@type\":\"EntryPoint\",\"urlTemplate\":\"https:\/\/centrojoaoemaria.com.br\/baby\/?s={search_term_string}\"},\"query-input\":{\"@type\":\"PropertyValueSpecification\",\"valueRequired\":true,\"valueName\":\"search_term_string\"}}],\"inLanguage\":\"pt-BR\"}]}<\/script>\n<!-- \/ Yoast SEO plugin. -->","yoast_head_json":{"title":"Dia dos Pais - 2023 - Centro Jo\u00e3o e Maria Baby","robots":{"index":"index","follow":"follow","max-snippet":"max-snippet:-1","max-image-preview":"max-image-preview:large","max-video-preview":"max-video-preview:-1"},"canonical":"https:\/\/centrojoaoemaria.com.br\/baby\/galeria\/dia-dos-pais-2023\/","og_locale":"pt_BR","og_type":"article","og_title":"Dia dos Pais - 2023 - Centro Jo\u00e3o e Maria Baby","og_url":"https:\/\/centrojoaoemaria.com.br\/baby\/galeria\/dia-dos-pais-2023\/","og_site_name":"Centro Jo\u00e3o e Maria Baby","article_modified_time":"2023-08-18T10:08:21+00:00","og_image":[{"width":1470,"height":1803,"url":"https:\/\/centrojoaoemaria.com.br\/baby\/wp-content\/uploads\/sites\/3\/2023\/08\/IMG_7992.jpg","type":"image\/jpeg"}],"twitter_card":"summary_large_image","twitter_misc":{"Est. tempo de leitura":"3 minutos"},"schema":{"@context":"https:\/\/schema.org","@graph":[{"@type":"WebPage","@id":"https:\/\/centrojoaoemaria.com.br\/baby\/galeria\/dia-dos-pais-2023\/","url":"https:\/\/centrojoaoemaria.com.br\/baby\/galeria\/dia-dos-pais-2023\/","name":"Dia dos Pais - 2023 - Centro Jo\u00e3o e Maria Baby","isPartOf":{"@id":"https:\/\/centrojoaoemaria.com.br\/baby\/#website"},"primaryImageOfPage":{"@id":"https:\/\/centrojoaoemaria.com.br\/baby\/galeria\/dia-dos-pais-2023\/#primaryimage"},"image":{"@id":"https:\/\/centrojoaoemaria.com.br\/baby\/galeria\/dia-dos-pais-2023\/#primaryimage"},"thumbnailUrl":"https:\/\/centrojoaoemaria.com.br\/baby\/wp-content\/uploads\/sites\/3\/2023\/08\/IMG_7992.jpg","datePublished":"2023-08-18T10:08:19+00:00","dateModified":"2023-08-18T10:08:21+00:00","breadcrumb":{"@id":"https:\/\/centrojoaoemaria.com.br\/baby\/galeria\/dia-dos-pais-2023\/#breadcrumb"},"inLanguage":"pt-BR","potentialAction":[{"@type":"ReadAction","target":["https:\/\/centrojoaoemaria.com.br\/baby\/galeria\/dia-dos-pais-2023\/"]}]},{"@type":"ImageObject","inLanguage":"pt-BR","@id":"https:\/\/centrojoaoemaria.com.br\/baby\/galeria\/dia-dos-pais-2023\/#primaryimage","url":"https:\/\/centrojoaoemaria.com.br\/baby\/wp-content\/uploads\/sites\/3\/2023\/08\/IMG_7992.jpg","contentUrl":"https:\/\/centrojoaoemaria.com.br\/baby\/wp-content\/uploads\/sites\/3\/2023\/08\/IMG_7992.jpg","width":1470,"height":1803},{"@type":"BreadcrumbList","@id":"https:\/\/centrojoaoemaria.com.br\/baby\/galeria\/dia-dos-pais-2023\/#breadcrumb","itemListElement":[{"@type":"ListItem","position":1,"name":"In\u00edcio","item":"https:\/\/centrojoaoemaria.com.br\/baby\/"},{"@type":"ListItem","position":2,"name":"Galeria","item":"https:\/\/centrojoaoemaria.com.br\/baby\/galeria\/"},{"@type":"ListItem","position":3,"name":"Dia dos Pais &#8211; 2023"}]},{"@type":"WebSite","@id":"https:\/\/centrojoaoemaria.com.br\/baby\/#website","url":"https:\/\/centrojoaoemaria.com.br\/baby\/","name":"Centro Jo\u00e3o e Maria Baby","description":"S\u00f3 mais um site Centro Jo\u00e3o e Maria sites","potentialAction":[{"@type":"SearchAction","target":{"@type":"EntryPoint","urlTemplate":"https:\/\/centrojoaoemaria.com.br\/baby\/?s={search_term_string}"},"query-input":{"@type":"PropertyValueSpecification","valueRequired":true,"valueName":"search_term_string"}}],"inLanguage":"pt-BR"}]}},"_links":{"self":[{"href":"https:\/\/centrojoaoemaria.com.br\/baby\/wp-json\/wp\/v2\/pages\/7068"}],"collection":[{"href":"https:\/\/centrojoaoemaria.com.br\/baby\/wp-json\/wp\/v2\/pages"}],"about":[{"href":"https:\/\/centrojoaoemaria.com.br\/baby\/wp-json\/wp\/v2\/types\/page"}],"author":[{"embeddable":true,"href":"https:\/\/centrojoaoemaria.com.br\/baby\/wp-json\/wp\/v2\/users\/1"}],"replies":[{"embeddable":true,"href":"https:\/\/centrojoaoemaria.com.br\/baby\/wp-json\/wp\/v2\/comments?post=7068"}],"version-history":[{"count":1,"href":"https:\/\/centrojoaoemaria.com.br\/baby\/wp-json\/wp\/v2\/pages\/7068\/revisions"}],"predecessor-version":[{"id":7083,"href":"https:\/\/centrojoaoemaria.com.br\/baby\/wp-json\/wp\/v2\/pages\/7068\/revisions\/7083"}],"up":[{"embeddable":true,"href":"https:\/\/centrojoaoemaria.com.br\/baby\/wp-json\/wp\/v2\/pages\/5491"}],"wp:featuredmedia":[{"embeddable":true,"href":"https:\/\/centrojoaoemaria.com.br\/baby\/wp-json\/wp\/v2\/media\/7071"}],"wp:attachment":[{"href":"https:\/\/centrojoaoemaria.com.br\/baby\/wp-json\/wp\/v2\/media?parent=7068"}],"curies":[{"name":"wp","href":"https:\/\/api.w.org\/{rel}","templated":true}]}}