{"id":1904,"date":"2015-03-23T14:32:08","date_gmt":"2015-03-23T14:32:08","guid":{"rendered":"https:\/\/centrojoaoemaria.com.br\/infantil\/about-us-2\/"},"modified":"2023-04-26T06:18:45","modified_gmt":"2023-04-26T09:18:45","slug":"escola","status":"publish","type":"page","link":"https:\/\/centrojoaoemaria.com.br\/infantil\/escola\/","title":{"rendered":"Escola"},"content":{"rendered":"<div class='grid_row clearfix' style='padding-bottom: 50px;'><div class='grid_col grid_col_8'><div class='ce clearfix'><h3 class=\"ce_title\"><div>Centro Jo\u00e3o e Maria<\/div><\/h3><div>\n<p>H\u00e1 14 anos oferece uma concep\u00e7\u00e3o inovadora de espa\u00e7o para a educa\u00e7\u00e3o infantil. S\u00e3o diferenciais exclusivos que incluem proposta pedag\u00f3gica baseada em projetos e ambientes monitorados e personalizados de acordo com a idade da crian\u00e7a.<\/p>\n<p>O <strong>CEI Jo\u00e3o e Maria Infantil <\/strong>\u00e9 fruto dessa experi\u00eancia de sucesso. Atendendo \u00e0 crian\u00e7as de 3 anos a 6 anos de idade, oferecemos o que h\u00e1 de mais moderno em educa\u00e7\u00e3o infantil dentro de um ambiente seguro e \u00a0saud\u00e1vel.<\/p>\n<ul>\n<li>Melhorar e inovar constantemente os processos educacionais;<\/li>\n<li>Desempenhar \u00e9tica em todas as a\u00e7\u00f5es;<\/li>\n<li>Inserir as crian\u00e7as no mundo do conhecimento;<\/li>\n<li>Comprometer-se com a qualidade do ensino;<\/li>\n<li>Capacita\u00e7\u00e3o permanente da equipe<\/li>\n<li>Satisfa\u00e7\u00e3o do cliente<\/li>\n<li>Praticar a responsabilidade Social.<\/li>\n<\/ul>\n<\/div><\/div><\/div><div class='grid_col grid_col_4'><div class='ce clearfix'><div>\n<p><img fetchpriority=\"high\" decoding=\"async\" class=\"wp-image-5146 size-full aligncenter noborder\" src=\"https:\/\/centrojoaoemaria.com.br\/infantil\/wp-content\/uploads\/sites\/2\/2019\/05\/logo-centro-joao-e-maria-infantil.png\" alt=\"\" width=\"400\" height=\"179\" srcset=\"https:\/\/centrojoaoemaria.com.br\/infantil\/wp-content\/uploads\/sites\/2\/2019\/05\/logo-centro-joao-e-maria-infantil.png 400w, https:\/\/centrojoaoemaria.com.br\/infantil\/wp-content\/uploads\/sites\/2\/2019\/05\/logo-centro-joao-e-maria-infantil-768x343.png 768w, https:\/\/centrojoaoemaria.com.br\/infantil\/wp-content\/uploads\/sites\/2\/2019\/05\/logo-centro-joao-e-maria-infantil-100x44.png 100w, https:\/\/centrojoaoemaria.com.br\/infantil\/wp-content\/uploads\/sites\/2\/2019\/05\/logo-centro-joao-e-maria-infantil-230x102.png 230w\" sizes=\"(max-width: 400px) 100vw, 400px\" \/><\/p>\n<\/div><\/div><\/div><\/div><div class='grid_row clearfix'><div class='grid_col grid_col_4'><div class='ce clearfix'><div>\n<p style=\"text-align: center;\"><span class='cws_fa_wrapper'><i class='cws_fa fa fa-4x fa-book'><\/i><span class='ring'><\/span><\/span>\n<p style=\"text-align: center;\"><strong>A escola<\/strong><br \/>O Centro de Educa\u00e7\u00e3o Infantil Jo\u00e3o e Maria &#8211; Curitiba fornece um ambiente escolar que estimula as crian\u00e7as a desenvolverem a socializa\u00e7\u00e3o, a curiosidade e a autonomia.<\/p>\n<\/div><\/div><\/div><div class='grid_col grid_col_4'><div class='ce clearfix'><div>\n<p style=\"text-align: center;\"><span class='cws_fa_wrapper'><i class='cws_fa fa fa-4x fa-pencil'><\/i><span class='ring'><\/span><\/span>\n<p style=\"text-align: center;\"><strong>Metodologia<\/strong><br \/>Metodologia com base nos estudos de Vygotsky, Piaget e Freinet, sendo a pr\u00e1tica pedag\u00f3gica dividida em projetos permeados por Literatura Infantil, jogos, brincadeiras e muita ludicidade.<\/p>\n<\/div><\/div><\/div><div class='grid_col grid_col_4'><div class='ce clearfix'><div>\n<p style=\"text-align: center;\"><span class='cws_fa_wrapper'><i class='cws_fa fa fa-4x fa-star'><\/i><span class='ring'><\/span><\/span>\n<p style=\"text-align: center;\"><strong>Miss\u00e3o<\/strong><br \/>Buscamos criar e incentivar a\u00e7\u00f5es educacionais que aprimorem o desenvolvimento socioafetivo, cognitivo e psicomotor das crian\u00e7as de 3 anos a 6 anos de idade.<\/p>\n<\/div><\/div><\/div><\/div><div class='grid_row clearfix'><div class='grid_col grid_col_12'><div class='ce clearfix'><div class='cws_ce_content ce_accordion'><div class='accordion_section active'><div class='accordion_title'><i class='accordion_icon'><\/i><span>Alimenta\u00e7\u00e3o<\/span><\/div><div class='accordion_content'>\n<p>Todas as refei\u00e7\u00f5es que s\u00e3o oferecidas na Jo\u00e3o e Maria s\u00e3o realizadas sobre o supervis\u00e3o de uma nutricionista. Todos os alimentos s\u00e3o preparados cuidadosamente e com higiene, sendo saborosa e equilibrada para garantir o crescimento saud\u00e1vel das crian\u00e7as.<\/p>\n<\/div><\/div><div class='accordion_section active'><div class='accordion_title'><i class='accordion_icon'><\/i><span>Aulas extracurriculares<\/span><\/div><div class='accordion_content'>\n<p>As aulas de Dan\u00e7a e jud\u00f4 que acontecem tamb\u00e9m uma vez por semana (dentro da escola), por uma profissional qualificada da \u00e1rea, sendo pago separadamente.<\/p>\n<\/div><\/div><div class='accordion_section'><div class='accordion_title'><i class='accordion_icon'><\/i><span>Uniforme Escolar<\/span><\/div><div class='accordion_content' style='display:none;'>\n<p>O uso do uniforme \u00e9 obrigat\u00f3rio a partir de 2 anos. Pode ser adquirido sob encomenda diretamente com nossos fornecedores.<\/p>\n<\/div><\/div><div class='accordion_section'><div class='accordion_title'><i class='accordion_icon'><\/i><span>Monitoramento por C\u00e2meras<\/span><\/div><div class='accordion_content' style='display:none;'>\n<p>A Escola possui c\u00e2meras\u00a0<strong>em todas as salas de aula e no ambiente externo<\/strong>, com monitoramento constante da Dire\u00e7\u00e3o.<\/p>\n<\/div><\/div><div class='accordion_section'><div class='accordion_title'><i class='accordion_icon'><\/i><span>Vigil\u00e2ncia Escolar<\/span><\/div><div class='accordion_content' style='display:none;'>\n<p>Seguran&ccedil;a presencial e ostensiva atrav&eacute;s de&nbsp;<strong>um vigilante<\/strong> na &aacute;rea externa da escola, durante o per&iacute;odo de maior fluxo de alunos (7h &agrave;s 19h ).<\/p>\n<\/div><\/div><div class='accordion_section'><div class='accordion_title'><i class='accordion_icon'><\/i><span>Agenda Escolar Digital<\/span><\/div><div class='accordion_content' style='display:none;'>\n<p>Agenda escolar digital\u00a0<strong>Smart Baby<\/strong>, um aplicativo escolar inteligente que conecta pais e educadores com facilidade e rapidez.<\/p>\n<\/div><\/div><\/div><\/div><\/div><\/div>\n","protected":false},"excerpt":{"rendered":"","protected":false},"author":1,"featured_media":0,"parent":0,"menu_order":0,"comment_status":"closed","ping_status":"closed","template":"","meta":{"footnotes":""},"class_list":["post-1904","page","type-page","status-publish","hentry"],"yoast_head":"<!-- This site is optimized with the Yoast SEO plugin v25.0 - https:\/\/yoast.com\/wordpress\/plugins\/seo\/ -->\n<title>Escola - Centro Jo\u00e3o e Maria Infantil<\/title>\n<meta name=\"robots\" content=\"index, follow, max-snippet:-1, max-image-preview:large, max-video-preview:-1\" \/>\n<link rel=\"canonical\" href=\"https:\/\/centrojoaoemaria.com.br\/infantil\/escola\/\" \/>\n<meta property=\"og:locale\" content=\"pt_BR\" \/>\n<meta property=\"og:type\" content=\"article\" \/>\n<meta property=\"og:title\" content=\"Escola - Centro Jo\u00e3o e Maria Infantil\" \/>\n<meta property=\"og:url\" content=\"https:\/\/centrojoaoemaria.com.br\/infantil\/escola\/\" \/>\n<meta property=\"og:site_name\" content=\"Centro Jo\u00e3o e Maria Infantil\" \/>\n<meta property=\"article:modified_time\" content=\"2023-04-26T09:18:45+00:00\" \/>\n<meta property=\"og:image\" content=\"https:\/\/centrojoaoemaria.com.br\/infantil\/wp-content\/uploads\/sites\/2\/2019\/05\/logo-centro-joao-e-maria-infantil.png\" \/>\n<meta name=\"twitter:card\" content=\"summary_large_image\" \/>\n<meta name=\"twitter:label1\" content=\"Est. tempo de leitura\" \/>\n\t<meta name=\"twitter:data1\" content=\"3 minutos\" \/>\n<script type=\"application\/ld+json\" class=\"yoast-schema-graph\">{\"@context\":\"https:\/\/schema.org\",\"@graph\":[{\"@type\":\"WebPage\",\"@id\":\"https:\/\/centrojoaoemaria.com.br\/infantil\/escola\/\",\"url\":\"https:\/\/centrojoaoemaria.com.br\/infantil\/escola\/\",\"name\":\"Escola - Centro Jo\u00e3o e Maria Infantil\",\"isPartOf\":{\"@id\":\"https:\/\/centrojoaoemaria.com.br\/infantil\/#website\"},\"primaryImageOfPage\":{\"@id\":\"https:\/\/centrojoaoemaria.com.br\/infantil\/escola\/#primaryimage\"},\"image\":{\"@id\":\"https:\/\/centrojoaoemaria.com.br\/infantil\/escola\/#primaryimage\"},\"thumbnailUrl\":\"https:\/\/centrojoaoemaria.com.br\/infantil\/wp-content\/uploads\/sites\/2\/2019\/05\/logo-centro-joao-e-maria-infantil.png\",\"datePublished\":\"2015-03-23T14:32:08+00:00\",\"dateModified\":\"2023-04-26T09:18:45+00:00\",\"breadcrumb\":{\"@id\":\"https:\/\/centrojoaoemaria.com.br\/infantil\/escola\/#breadcrumb\"},\"inLanguage\":\"pt-BR\",\"potentialAction\":[{\"@type\":\"ReadAction\",\"target\":[\"https:\/\/centrojoaoemaria.com.br\/infantil\/escola\/\"]}]},{\"@type\":\"ImageObject\",\"inLanguage\":\"pt-BR\",\"@id\":\"https:\/\/centrojoaoemaria.com.br\/infantil\/escola\/#primaryimage\",\"url\":\"https:\/\/centrojoaoemaria.com.br\/infantil\/wp-content\/uploads\/sites\/2\/2019\/05\/logo-centro-joao-e-maria-infantil.png\",\"contentUrl\":\"https:\/\/centrojoaoemaria.com.br\/infantil\/wp-content\/uploads\/sites\/2\/2019\/05\/logo-centro-joao-e-maria-infantil.png\",\"width\":400,\"height\":179},{\"@type\":\"BreadcrumbList\",\"@id\":\"https:\/\/centrojoaoemaria.com.br\/infantil\/escola\/#breadcrumb\",\"itemListElement\":[{\"@type\":\"ListItem\",\"position\":1,\"name\":\"In\u00edcio\",\"item\":\"https:\/\/centrojoaoemaria.com.br\/infantil\/\"},{\"@type\":\"ListItem\",\"position\":2,\"name\":\"Escola\"}]},{\"@type\":\"WebSite\",\"@id\":\"https:\/\/centrojoaoemaria.com.br\/infantil\/#website\",\"url\":\"https:\/\/centrojoaoemaria.com.br\/infantil\/\",\"name\":\"Centro Jo\u00e3o e Maria Infantil\",\"description\":\"\",\"potentialAction\":[{\"@type\":\"SearchAction\",\"target\":{\"@type\":\"EntryPoint\",\"urlTemplate\":\"https:\/\/centrojoaoemaria.com.br\/infantil\/?s={search_term_string}\"},\"query-input\":{\"@type\":\"PropertyValueSpecification\",\"valueRequired\":true,\"valueName\":\"search_term_string\"}}],\"inLanguage\":\"pt-BR\"}]}<\/script>\n<!-- \/ Yoast SEO plugin. -->","yoast_head_json":{"title":"Escola - Centro Jo\u00e3o e Maria Infantil","robots":{"index":"index","follow":"follow","max-snippet":"max-snippet:-1","max-image-preview":"max-image-preview:large","max-video-preview":"max-video-preview:-1"},"canonical":"https:\/\/centrojoaoemaria.com.br\/infantil\/escola\/","og_locale":"pt_BR","og_type":"article","og_title":"Escola - Centro Jo\u00e3o e Maria Infantil","og_url":"https:\/\/centrojoaoemaria.com.br\/infantil\/escola\/","og_site_name":"Centro Jo\u00e3o e Maria Infantil","article_modified_time":"2023-04-26T09:18:45+00:00","og_image":[{"url":"https:\/\/centrojoaoemaria.com.br\/infantil\/wp-content\/uploads\/sites\/2\/2019\/05\/logo-centro-joao-e-maria-infantil.png","type":"","width":"","height":""}],"twitter_card":"summary_large_image","twitter_misc":{"Est. tempo de leitura":"3 minutos"},"schema":{"@context":"https:\/\/schema.org","@graph":[{"@type":"WebPage","@id":"https:\/\/centrojoaoemaria.com.br\/infantil\/escola\/","url":"https:\/\/centrojoaoemaria.com.br\/infantil\/escola\/","name":"Escola - Centro Jo\u00e3o e Maria Infantil","isPartOf":{"@id":"https:\/\/centrojoaoemaria.com.br\/infantil\/#website"},"primaryImageOfPage":{"@id":"https:\/\/centrojoaoemaria.com.br\/infantil\/escola\/#primaryimage"},"image":{"@id":"https:\/\/centrojoaoemaria.com.br\/infantil\/escola\/#primaryimage"},"thumbnailUrl":"https:\/\/centrojoaoemaria.com.br\/infantil\/wp-content\/uploads\/sites\/2\/2019\/05\/logo-centro-joao-e-maria-infantil.png","datePublished":"2015-03-23T14:32:08+00:00","dateModified":"2023-04-26T09:18:45+00:00","breadcrumb":{"@id":"https:\/\/centrojoaoemaria.com.br\/infantil\/escola\/#breadcrumb"},"inLanguage":"pt-BR","potentialAction":[{"@type":"ReadAction","target":["https:\/\/centrojoaoemaria.com.br\/infantil\/escola\/"]}]},{"@type":"ImageObject","inLanguage":"pt-BR","@id":"https:\/\/centrojoaoemaria.com.br\/infantil\/escola\/#primaryimage","url":"https:\/\/centrojoaoemaria.com.br\/infantil\/wp-content\/uploads\/sites\/2\/2019\/05\/logo-centro-joao-e-maria-infantil.png","contentUrl":"https:\/\/centrojoaoemaria.com.br\/infantil\/wp-content\/uploads\/sites\/2\/2019\/05\/logo-centro-joao-e-maria-infantil.png","width":400,"height":179},{"@type":"BreadcrumbList","@id":"https:\/\/centrojoaoemaria.com.br\/infantil\/escola\/#breadcrumb","itemListElement":[{"@type":"ListItem","position":1,"name":"In\u00edcio","item":"https:\/\/centrojoaoemaria.com.br\/infantil\/"},{"@type":"ListItem","position":2,"name":"Escola"}]},{"@type":"WebSite","@id":"https:\/\/centrojoaoemaria.com.br\/infantil\/#website","url":"https:\/\/centrojoaoemaria.com.br\/infantil\/","name":"Centro Jo\u00e3o e Maria Infantil","description":"","potentialAction":[{"@type":"SearchAction","target":{"@type":"EntryPoint","urlTemplate":"https:\/\/centrojoaoemaria.com.br\/infantil\/?s={search_term_string}"},"query-input":{"@type":"PropertyValueSpecification","valueRequired":true,"valueName":"search_term_string"}}],"inLanguage":"pt-BR"}]}},"_links":{"self":[{"href":"https:\/\/centrojoaoemaria.com.br\/infantil\/wp-json\/wp\/v2\/pages\/1904"}],"collection":[{"href":"https:\/\/centrojoaoemaria.com.br\/infantil\/wp-json\/wp\/v2\/pages"}],"about":[{"href":"https:\/\/centrojoaoemaria.com.br\/infantil\/wp-json\/wp\/v2\/types\/page"}],"author":[{"embeddable":true,"href":"https:\/\/centrojoaoemaria.com.br\/infantil\/wp-json\/wp\/v2\/users\/1"}],"replies":[{"embeddable":true,"href":"https:\/\/centrojoaoemaria.com.br\/infantil\/wp-json\/wp\/v2\/comments?post=1904"}],"version-history":[{"count":31,"href":"https:\/\/centrojoaoemaria.com.br\/infantil\/wp-json\/wp\/v2\/pages\/1904\/revisions"}],"predecessor-version":[{"id":6887,"href":"https:\/\/centrojoaoemaria.com.br\/infantil\/wp-json\/wp\/v2\/pages\/1904\/revisions\/6887"}],"wp:attachment":[{"href":"https:\/\/centrojoaoemaria.com.br\/infantil\/wp-json\/wp\/v2\/media?parent=1904"}],"curies":[{"name":"wp","href":"https:\/\/api.w.org\/{rel}","templated":true}]}}